{"id":3860,"date":"2023-08-29T13:35:43","date_gmt":"2023-08-29T10:35:43","guid":{"rendered":"https:\/\/silviannanea.ro\/?page_id=3860"},"modified":"2023-09-01T12:55:50","modified_gmt":"2023-09-01T09:55:50","slug":"consultanta","status":"publish","type":"page","link":"https:\/\/silviannanea.ro\/index.php\/consultanta\/","title":{"rendered":"Consultan\u021b\u0103"},"content":{"rendered":"<p>\u00centr-o lume \u00een continu\u0103 schimbare, adaptabilitatea \u0219i inova\u021bia sunt cheile succesului. Dac\u0103 e\u0219ti un antreprenor care vrea s\u0103 \u00ee\u0219i maximizeze poten\u021bialul, ai ajuns \u00een locul potrivit.<\/p>\n<h3>Urm\u0103torul Pas<\/h3>\n<p>E\u0219ti gata s\u0103 \u00ee\u021bi transformi viziunea \u00een realitate? Rezerv\u0103 o sesiune gratuit\u0103 de consultan\u021b\u0103 pentru a descoperi cum te putem ajuta s\u0103 \u00ee\u021bi atingi obiectivele \u0219i s\u0103 \u00ee\u021bi maximizezi poten\u021bialul.<\/p>\n<p><!-- Calendly inline widget begin --><\/p>\n<p>\u00a0<\/p>\n<p><!-- Calendly inline widget end --><\/p>\n<p>&#8211; Silvian Nanea<\/p>\n","protected":false},"excerpt":{"rendered":"<p>\u00centr-o lume \u00een continu\u0103 schimbare, adaptabilitatea \u0219i inova\u021bia sunt cheile succesului. Dac\u0103 e\u0219ti un antreprenor care vrea s\u0103 \u00ee\u0219i maximizeze poten\u021bialul, ai ajuns \u00een locul potrivit. Urm\u0103torul Pas E\u0219ti gata s\u0103 \u00ee\u021bi transformi viziunea \u00een realitate? Rezerv\u0103 o sesiune gratuit\u0103 de consultan\u021b\u0103 pentru a descoperi cum te putem ajuta s\u0103 \u00ee\u021bi atingi obiectivele \u0219i s\u0103 [&hellip;]<\/p>\n","protected":false},"author":3,"featured_media":0,"parent":0,"menu_order":0,"comment_status":"closed","ping_status":"closed","template":"","meta":{"_monsterinsights_skip_tracking":false,"_monsterinsights_sitenote_active":false,"_monsterinsights_sitenote_note":"","_monsterinsights_sitenote_category":0,"footnotes":""},"class_list":["post-3860","page","type-page","status-publish","hentry","post-wrapper","thrv_wrapper"],"aioseo_notices":[],"_links":{"self":[{"href":"https:\/\/silviannanea.ro\/index.php\/wp-json\/wp\/v2\/pages\/3860","targetHints":{"allow":["GET"]}}],"collection":[{"href":"https:\/\/silviannanea.ro\/index.php\/wp-json\/wp\/v2\/pages"}],"about":[{"href":"https:\/\/silviannanea.ro\/index.php\/wp-json\/wp\/v2\/types\/page"}],"author":[{"embeddable":true,"href":"https:\/\/silviannanea.ro\/index.php\/wp-json\/wp\/v2\/users\/3"}],"replies":[{"embeddable":true,"href":"https:\/\/silviannanea.ro\/index.php\/wp-json\/wp\/v2\/comments?post=3860"}],"version-history":[{"count":13,"href":"https:\/\/silviannanea.ro\/index.php\/wp-json\/wp\/v2\/pages\/3860\/revisions"}],"predecessor-version":[{"id":4009,"href":"https:\/\/silviannanea.ro\/index.php\/wp-json\/wp\/v2\/pages\/3860\/revisions\/4009"}],"wp:attachment":[{"href":"https:\/\/silviannanea.ro\/index.php\/wp-json\/wp\/v2\/media?parent=3860"}],"curies":[{"name":"wp","href":"https:\/\/api.w.org\/{rel}","templated":true}]}}