{"id":3766,"date":"2023-08-25T13:03:37","date_gmt":"2023-08-25T13:03:37","guid":{"rendered":"https:\/\/silviannanea.ro\/index.php\/generated-homepage\/"},"modified":"2024-06-11T08:40:40","modified_gmt":"2024-06-11T05:40:40","slug":"generated-homepage","status":"publish","type":"page","link":"https:\/\/silviannanea.ro\/","title":{"rendered":"Acas\u0103"},"content":{"rendered":"<h1 style=\"\">Oric\u00e2t de Departe Vezi, Putem Construi<\/h1>\n<p>Fii Maestrul unei Afaceri ce Reflect\u0103 Ambi\u021bia \u0219i Viziunea ta, Scalabil\u0103 \u0219i Sustenabil\u0103.<\/p>\n<p style=\"\">Salut, m\u0103 bucur s\u0103 te cunosc!<\/p>\n<h3>Sunt Silvian nanea<\/h3>\n<p>&nbsp; &nbsp;Dac\u0103 e\u0219ti un antreprenor sau lider de companie \u00een c\u0103utarea unor solu\u021bii pentru a-\u021bi eficientiza opera\u021biunile \u0219i a accelera cre\u0219terea, ai ajuns \u00een locul potrivit. Cu o experien\u021b\u0103 de peste 20 de ani \u00een domenii precum management, tehnologie \u0219i marketing, sunt preg\u0103tit s\u0103 \u00ee\u021bi ofer strategiile \u0219i instrumentele necesare pentru a-\u021bi duce afacerea la urm\u0103torul nivel. &nbsp;<\/p>\n<h2 style=\"\">Te pot ajuta cu<\/h2>\n<h3 style=\"\">Scalare U\u0219oar\u0103<\/h3>\n<p><span><img loading=\"lazy\" decoding=\"async\" alt=\"\" data-id=\"126\" width=\"86\" data-init-width=\"86\" data-init-height=\"88\" title=\"Xpert_icon_01\" src=\"\/\/silviannanea.ro\/wp-content\/uploads\/tcb_lp_templates\/templates\/css\/images\/Xpert_icon_01-2.png\" data-width=\"86\" height=\"88\" style=\"aspect-ratio: auto 86 \/ 88;\" data-height=\"88\" loading=\"lazy\"><\/span><\/p>\n<p>Urmeaz\u0103 un plan de drum care face scalarea u\u0219oar\u0103, faciliteaz\u0103 atragerea clien\u021bilor \u0219i te pune pe o traiectorie de cre\u0219tere neoprit\u0103.<\/p>\n<p><a href=\"#\"><\/a><\/p>\n<h3 style=\"\">Opera\u021biuni Eficientizate<\/h3>\n<p><span><img loading=\"lazy\" decoding=\"async\" alt=\"\" data-id=\"132\" width=\"85\" data-init-width=\"85\" data-init-height=\"88\" title=\"Xpert_icon_02\" src=\"\/\/silviannanea.ro\/wp-content\/uploads\/tcb_lp_templates\/templates\/css\/images\/Xpert_icon_02.png\" data-width=\"85\" height=\"88\" style=\"aspect-ratio: auto 85 \/ 88;\" data-height=\"88\" loading=\"lazy\"><\/span><\/p>\n<p style=\"\">Ob\u021bine un drum clar pentru a eficientiza opera\u021biunile, a delega f\u0103r\u0103 efort \u0219i a cultiva o echip\u0103 la fel de pasionat\u0103 de cre\u0219tere ca tine.<\/p>\n<p><a href=\"#\"><\/a><\/p>\n<h3 style=\"\">Echilibru \u0219i Succes<\/h3>\n<p><span><img loading=\"lazy\" decoding=\"async\" alt=\"\" data-id=\"133\" width=\"85\" data-init-width=\"85\" data-init-height=\"88\" title=\"Xpert_icon_03\" src=\"\/\/silviannanea.ro\/wp-content\/uploads\/tcb_lp_templates\/templates\/css\/images\/Xpert_icon_03.png\" data-width=\"85\" height=\"88\" style=\"aspect-ratio: auto 85 \/ 88;\" data-height=\"88\" loading=\"lazy\"><\/span><\/p>\n<p style=\"\">Navigheaz\u0103 pe linia fin\u0103 dintre visele tale antreprenoriale \u0219i provoc\u0103rile actuale cu sisteme care aduc echilibru \u0219i succes.<\/p>\n<p><a href=\"#\"><\/a><\/p>\n<h2 style=\"text-align: center;\">Serviciile de care ai nevoie<\/h2>\n<h3>Consultan\u021b\u0103 \u00een Scalare \u0219i Eficientizare<\/h3>\n<p style=\"\">Descoper\u0103 cum tehnologiile avansate precum inteligen\u021ba artificial\u0103 \u0219i sistemele de management pot revolu\u021biona opera\u021biunile tale. Oferim consultan\u021b\u0103 specializat\u0103 pentru a-\u021bi eficientiza procesele \u0219i a-\u021bi accelera cre\u0219terea, astfel \u00eenc\u00e2t s\u0103 te pozi\u021bionezi ca lider \u00een industria ta.<\/p>\n<p><a href=\"#\"><\/a><a href=\"#\"><\/a><a href=\"https:\/\/silviannanea.ro\/index.php\/consultanta\/\"><\/a><a href=\"#\"><\/a><\/p>\n<h3>Identitate Autentic\u0103, Impact Durabil<\/h3>\n<p style=\"\">Dezvolt\u0103 \u0219i consolideaz\u0103-\u021bi brandul \u00eentr-un mod care rezon\u0103 cu audien\u021ba ta, at\u00e2t offline c\u00e2t \u0219i online. Oferim strategii personalizate care \u00ee\u021bi vor amplifica vocea \u0219i vor cre\u0219te loialitatea clien\u021bilor, pozi\u021bion\u00e2ndu-te ca o autoritate \u00een domeniul t\u0103u.<\/p>\n<p><a href=\"#\"><\/a><a href=\"#\"><\/a><a href=\"https:\/\/silviannanea.ro\/index.php\/consultanta\/\"><\/a><a href=\"#\"><\/a><\/p>\n<h3>Viziunea ta, Realizat\u0103<\/h3>\n<p style=\"\">Transform\u0103-\u021bi aspira\u021biile \u00een realiz\u0103ri concrete cu antrenamente personalizate pentru antreprenori. Oferim ghidare expert\u0103 \u0219i strategii practice care te vor ajuta s\u0103 \u00ee\u021bi atingi obiectivele \u0219i s\u0103 \u00ee\u021bi maximizezi poten\u021bialul.<\/p>\n<p><a href=\"#\"><\/a><a href=\"#\"><\/a><a href=\"https:\/\/silviannanea.ro\/index.php\/consultanta\/\"><\/a><a href=\"#\"><\/a><\/p>\n<p style=\"\">&nbsp;\u00cen\u021beleg perfect provoc\u0103rile \u0219i fricile prin care treci ca antreprenor; am fost \u0219i eu acolo. Cu peste 20 de ani de experien\u021b\u0103 \u00een management, tehnologie \u0219i marketing, am \u00eenv\u0103\u021bat cum s\u0103 navighez prin incertitudini \u0219i s\u0103 transform obstacolele \u00een oportunit\u0103\u021bi.<\/p>\n<p style=\"\"> \u0218tiu ce \u00eenseamn\u0103 s\u0103 \u00ee\u021bi dore\u0219ti s\u0103 \u00ee\u021bi eficientizezi opera\u021biunile, s\u0103 scalezi \u0219i s\u0103 construie\u0219ti un brand puternic.<\/p>\n<p style=\"\">&nbsp;Sunt aici pentru a-\u021bi oferi solu\u021bii concrete \u0219i a te ajuta s\u0103 \u00ee\u021bi transformi viziunea \u00een realitate.<\/p>\n<h4 style=\"text-align: center;\"><span dir=\"ltr\">Descoper\u0103 cinci lucruri critice \u00een arhitectura de succes al afacerii tale!<\/span><\/h4>\n<p><img fetchpriority=\"high\" decoding=\"async\" src=\"https:\/\/silviannanea.ro\/wp-content\/uploads\/2023\/08\/arhitectura-afaceriiv12.png\" alt=\"\" width=\"1101\" height=\"550\" \/><\/p>\n<p><span style=\"font-size:19px\">\u00cen timp ce mul\u021bi antreprenori se simt cople\u0219i\u021bi de complexit\u0103\u021bile scal\u0103rii, eficientiz\u0103rii opera\u021biunilor \u0219i construirii unui brand, noi oferim o solu\u021bie care transform\u0103 aceste provoc\u0103ri \u00een oportunit\u0103\u021bi de cre\u0219tere \u0219i succes.<\/span><\/p>\n<p><span style=\"font-size:19px\">Am creat un sistem unic care se focuseaz\u0103 pe 5 lucruri critice pentru a te ajuta s\u0103 \u00ee\u021bi transformi c\u0103l\u0103toria antreprenorial\u0103: Management, Tehnologie, Leadership, Marketing&amp;V\u00e2nz\u0103ri,\u00a0\u00cemplinire<\/span><\/p>\n<h2 style=\"text-align: center;\">Ultimele articole<\/h2>\n<p><a href=\"https:\/\/silviannanea.ro\/index.php\/2023\/10\/25\/reality-defender-gardianul-realitatii-in-era-deepfake-urilor\/\" dynamic-postlink=\"tcb_post_the_permalink\" data-shortcode-id=\"3791\"><\/a><\/p>\n<p style=\"\"><span data-shortcode=\"tcb_post_published_date\" data-shortcode-name=\"Post date\" data-extra_key=\"\" data-attr-type=\"published\" data-attr-date-format-select=\"custom\" data-attr-date-format=\"M j Y\" data-attr-show-time=\"0\" data-attr-time-format-select=\"g:i a\" data-attr-time-format=\"\" data-attr-link=\"0\" data-attr-target=\"1\" data-attr-rel=\"0\" data-option-inline=\"1\">oct. 25 2023 <\/span>&nbsp;I&nbsp;<span data-attr-link=\"1\" data-attr-rel=\"0\" data-attr-target=\"0\" data-extra_key=\"\" data-option-inline=\"1\" data-shortcode=\"tcb_post_categories\" data-shortcode-name=\"List of categories\" data-attr-static-link=\"{&quot;className&quot;:&quot;&quot;,&quot;href&quot;:&quot;https:\/\/silviannanea.ro\/index.php\/category\/tehnologie\/&quot;,&quot;title&quot;:&quot;Tehnologie&quot;,&quot;data-css&quot;:&quot;tve-u-18a462f819e&quot;,&quot;class&quot;:&quot;&quot;}\" data-attr-css=\"tve-u-18a462f819e\"><a href=\"https:\/\/silviannanea.ro\/index.php\/category\/tehnologie\/\" title=\"Tehnologie\">Tehnologie<\/a><\/span><\/p>\n<h2 style=\"text-align: center;\"><span data-shortcode=\"tcb_post_title\" data-shortcode-name=\"Post title\" data-extra_key=\"\" data-attr-link=\"1\" data-attr-target=\"0\" data-attr-rel=\"0\" data-option-inline=\"1\" data-attr-static-link=\"{&quot;className&quot;:&quot;&quot;,&quot;href&quot;:&quot;https:\/\/silviannanea.ro\/index.php\/2023\/10\/25\/reality-defender-gardianul-realitatii-in-era-deepfake-urilor\/&quot;,&quot;title&quot;:&quot;Reality Defender: Gardianul Realit\u0103\u021bii \u00cen Era Deepfake-urilor&quot;,&quot;data-css&quot;:&quot;tve-u-18a462f81a2&quot;,&quot;class&quot;:&quot;&quot;}\" data-attr-css=\"tve-u-18a462f81a2\" style=\"\"><a href=\"https:\/\/silviannanea.ro\/index.php\/2023\/10\/25\/reality-defender-gardianul-realitatii-in-era-deepfake-urilor\/\" title=\"Reality Defender: Gardianul Realit\u0103\u021bii \u00cen Era Deepfake-urilor\">Reality Defender: Gardianul Realit\u0103\u021bii \u00cen Era Deepfake-urilor<\/a><\/span><\/h2>\n<p><a href=\"https:\/\/silviannanea.ro\/index.php\/2023\/10\/25\/reality-defender-gardianul-realitatii-in-era-deepfake-urilor\/\" style=\"\"><span style=\"\"><\/span><span style=\"\"><span style=\"\">Citeste mai mult<\/span><\/span><\/a><a href=\"https:\/\/silviannanea.ro\/index.php\/2023\/08\/28\/inteligenta-artificiala-un-partener-de-incredere-pentru-afacerea-ta\/\" dynamic-postlink=\"tcb_post_the_permalink\" data-shortcode-id=\"3791\"><\/a><\/p>\n<p style=\"\"><span data-shortcode=\"tcb_post_published_date\" data-shortcode-name=\"Post date\" data-extra_key=\"\" data-attr-type=\"published\" data-attr-date-format-select=\"custom\" data-attr-date-format=\"M j Y\" data-attr-show-time=\"0\" data-attr-time-format-select=\"g:i a\" data-attr-time-format=\"\" data-attr-link=\"0\" data-attr-target=\"1\" data-attr-rel=\"0\" data-option-inline=\"1\">aug. 28 2023 <\/span>&nbsp;I&nbsp;<span data-attr-link=\"1\" data-attr-rel=\"0\" data-attr-target=\"0\" data-extra_key=\"\" data-option-inline=\"1\" data-shortcode=\"tcb_post_categories\" data-shortcode-name=\"List of categories\" data-attr-static-link=\"{&quot;className&quot;:&quot;&quot;,&quot;href&quot;:&quot;https:\/\/silviannanea.ro\/index.php\/category\/tehnologie\/&quot;,&quot;title&quot;:&quot;Tehnologie&quot;,&quot;data-css&quot;:&quot;tve-u-18a462f819e&quot;,&quot;class&quot;:&quot;&quot;}\" data-attr-css=\"tve-u-18a462f819e\"><a href=\"https:\/\/silviannanea.ro\/index.php\/category\/tehnologie\/\" title=\"Tehnologie\">Tehnologie<\/a><\/span><\/p>\n<h2 style=\"text-align: center;\"><span data-shortcode=\"tcb_post_title\" data-shortcode-name=\"Post title\" data-extra_key=\"\" data-attr-link=\"1\" data-attr-target=\"0\" data-attr-rel=\"0\" data-option-inline=\"1\" data-attr-static-link=\"{&quot;className&quot;:&quot;&quot;,&quot;href&quot;:&quot;https:\/\/silviannanea.ro\/index.php\/2023\/10\/25\/reality-defender-gardianul-realitatii-in-era-deepfake-urilor\/&quot;,&quot;title&quot;:&quot;Reality Defender: Gardianul Realit\u0103\u021bii \u00cen Era Deepfake-urilor&quot;,&quot;data-css&quot;:&quot;tve-u-18a462f81a2&quot;,&quot;class&quot;:&quot;&quot;}\" data-attr-css=\"tve-u-18a462f81a2\" style=\"\"><a href=\"https:\/\/silviannanea.ro\/index.php\/2023\/08\/28\/inteligenta-artificiala-un-partener-de-incredere-pentru-afacerea-ta\/\" title=\"Inteligen\u021ba Artificial\u0103: Un Partener De Incredere pentru Afacerea Ta\">Inteligen\u021ba Artificial\u0103: Un Partener De Incredere pentru Afacerea Ta<\/a><\/span><\/h2>\n<p><a href=\"https:\/\/silviannanea.ro\/index.php\/2023\/08\/28\/inteligenta-artificiala-un-partener-de-incredere-pentru-afacerea-ta\/\" style=\"\"><span style=\"\"><\/span><span style=\"\"><span style=\"\">Citeste mai mult<\/span><\/span><\/a><a href=\"https:\/\/silviannanea.ro\/index.php\/2023\/07\/20\/inteligenta-artificiala-demistificata-cum-functioneaza-si-cum-poate-beneficia-afacerea-ta\/\" dynamic-postlink=\"tcb_post_the_permalink\" data-shortcode-id=\"3791\"><\/a><\/p>\n<p style=\"\"><span data-shortcode=\"tcb_post_published_date\" data-shortcode-name=\"Post date\" data-extra_key=\"\" data-attr-type=\"published\" data-attr-date-format-select=\"custom\" data-attr-date-format=\"M j Y\" data-attr-show-time=\"0\" data-attr-time-format-select=\"g:i a\" data-attr-time-format=\"\" data-attr-link=\"0\" data-attr-target=\"1\" data-attr-rel=\"0\" data-option-inline=\"1\">iul. 20 2023 <\/span>&nbsp;I&nbsp;<span data-attr-link=\"1\" data-attr-rel=\"0\" data-attr-target=\"0\" data-extra_key=\"\" data-option-inline=\"1\" data-shortcode=\"tcb_post_categories\" data-shortcode-name=\"List of categories\" data-attr-static-link=\"{&quot;className&quot;:&quot;&quot;,&quot;href&quot;:&quot;https:\/\/silviannanea.ro\/index.php\/category\/tehnologie\/&quot;,&quot;title&quot;:&quot;Tehnologie&quot;,&quot;data-css&quot;:&quot;tve-u-18a462f819e&quot;,&quot;class&quot;:&quot;&quot;}\" data-attr-css=\"tve-u-18a462f819e\"><a href=\"https:\/\/silviannanea.ro\/index.php\/category\/tehnologie\/\" title=\"Tehnologie\">Tehnologie<\/a><\/span><\/p>\n<h2 style=\"text-align: center;\"><span data-shortcode=\"tcb_post_title\" data-shortcode-name=\"Post title\" data-extra_key=\"\" data-attr-link=\"1\" data-attr-target=\"0\" data-attr-rel=\"0\" data-option-inline=\"1\" data-attr-static-link=\"{&quot;className&quot;:&quot;&quot;,&quot;href&quot;:&quot;https:\/\/silviannanea.ro\/index.php\/2023\/10\/25\/reality-defender-gardianul-realitatii-in-era-deepfake-urilor\/&quot;,&quot;title&quot;:&quot;Reality Defender: Gardianul Realit\u0103\u021bii \u00cen Era Deepfake-urilor&quot;,&quot;data-css&quot;:&quot;tve-u-18a462f81a2&quot;,&quot;class&quot;:&quot;&quot;}\" data-attr-css=\"tve-u-18a462f81a2\" style=\"\"><a href=\"https:\/\/silviannanea.ro\/index.php\/2023\/07\/20\/inteligenta-artificiala-demistificata-cum-functioneaza-si-cum-poate-beneficia-afacerea-ta\/\" title=\"Inteligen\u021ba Artificial\u0103 Demistificat\u0103: Cum Func\u021bioneaz\u0103 \u0219i Cum Poate Beneficia Afacerea Ta?\">Inteligen\u021ba Artificial\u0103 Demistificat\u0103: Cum Func\u021bioneaz\u0103 \u0219i Cum Poate Beneficia Afacerea Ta?<\/a><\/span><\/h2>\n<p><a href=\"https:\/\/silviannanea.ro\/index.php\/2023\/07\/20\/inteligenta-artificiala-demistificata-cum-functioneaza-si-cum-poate-beneficia-afacerea-ta\/\" style=\"\"><span style=\"\"><\/span><span style=\"\"><span style=\"\">Citeste mai mult<\/span><\/span><\/a><\/p>\n<h3 style=\"\">Conecteaz\u0103-te Acum<\/h3>\n<p>Vrei s\u0103 \u00ee\u021bi accelerezi succesul \u00een afaceri? Aboneaz\u0103-te la newsletter-ul nostru pentru sfaturi exclusive, strategii dovedite \u0219i insight-uri valoroase. Nu rata oportunitatea de a fi mereu un pas \u00eenainte.&nbsp;<\/p>\n<p style=\"color: var(--tve-color, rgb(55, 135, 218));\"> <span data-shortcode=\"tcb_post_categories\" data-shortcode-name=\"List of categories\" data-extra_key=\"\" data-attr-link=\"0\" data-attr-target=\"0\" data-attr-rel=\"0\" data-option-inline=\"1\" style=\"\"><\/span> <\/p>\n<h2 style=\"\"> <span data-shortcode=\"tcb_post_title\" data-shortcode-name=\"Post title\" data-extra_key=\"\" data-attr-link=\"1\" data-attr-target=\"0\" data-attr-rel=\"0\" data-option-inline=\"1\" data-attr-static-link=\"{&quot;className&quot;:&quot;&quot;,&quot;href&quot;:&quot;#&quot;,&quot;title&quot;:&quot;Acas\u0103&quot;,&quot;class&quot;:&quot;&quot;}\" data-attr-css=\"\"><a href=\"https:\/\/silviannanea.ro\/\" title=\"Acas\u0103\" data-css=\"\">Acas\u0103<\/a><\/span> <\/h2>\n<p style=\"color: var(--tve-color, rgb(55, 135, 218));\"> <span data-shortcode=\"tcb_post_categories\" data-shortcode-name=\"List of categories\" data-extra_key=\"\" data-attr-link=\"0\" data-attr-target=\"0\" data-attr-rel=\"0\" data-option-inline=\"1\" style=\"\"><\/span> <\/p>\n<h2 style=\"\"> <span data-shortcode=\"tcb_post_title\" data-shortcode-name=\"Post title\" data-extra_key=\"\" data-attr-link=\"1\" data-attr-target=\"0\" data-attr-rel=\"0\" data-option-inline=\"1\" data-attr-static-link=\"{&quot;className&quot;:&quot;&quot;,&quot;href&quot;:&quot;#&quot;,&quot;title&quot;:&quot;Acas\u0103&quot;,&quot;class&quot;:&quot;&quot;}\" data-attr-css=\"\"><a href=\"https:\/\/silviannanea.ro\/\" title=\"Acas\u0103\" data-css=\"\">Acas\u0103<\/a><\/span> <\/h2>\n<p style=\"color: var(--tve-color, rgb(55, 135, 218));\"> <span data-shortcode=\"tcb_post_categories\" data-shortcode-name=\"List of categories\" data-extra_key=\"\" data-attr-link=\"0\" data-attr-target=\"0\" data-attr-rel=\"0\" data-option-inline=\"1\" style=\"\"><\/span> <\/p>\n<h2 style=\"\"> <span data-shortcode=\"tcb_post_title\" data-shortcode-name=\"Post title\" data-extra_key=\"\" data-attr-link=\"1\" data-attr-target=\"0\" data-attr-rel=\"0\" data-option-inline=\"1\" data-attr-static-link=\"{&quot;className&quot;:&quot;&quot;,&quot;href&quot;:&quot;#&quot;,&quot;title&quot;:&quot;Acas\u0103&quot;,&quot;class&quot;:&quot;&quot;}\" data-attr-css=\"\"><a href=\"https:\/\/silviannanea.ro\/\" title=\"Acas\u0103\" data-css=\"\">Acas\u0103<\/a><\/span> <\/h2>\n<h3 style=\"\">Fii Lider, Ac\u021bioneaz\u0103 Acum!<\/h3>\n<p style=\"\">Vrei s\u0103 \u00ee\u021bi scalezi afacerea \u0219i s\u0103 \u00ee\u021bi eficientizezi opera\u021biunile? Oferim consultan\u021b\u0103 expert\u0103 \u0219i strategii personalizate pentru a te ajuta s\u0103 atingi aceste obiective. Rezerv\u0103 o sesiune gratuit\u0103 de consultan\u021b\u0103 pentru a descoperi cum te putem ajuta s\u0103 \u00ee\u021bi maximizezi poten\u021bialul!<\/p>\n","protected":false},"excerpt":{"rendered":"<p>Oric\u00e2t de Departe Vezi, Putem Construi Fii Maestrul unei Afaceri ce Reflect\u0103 Ambi\u021bia \u0219i Viziunea ta, Scalabil\u0103 \u0219i Sustenabil\u0103. Salut, m\u0103 bucur s\u0103 te cunosc! Sunt Silvian nanea &nbsp; &nbsp;Dac\u0103 e\u0219ti un antreprenor sau lider de companie \u00een c\u0103utarea unor solu\u021bii pentru a-\u021bi eficientiza opera\u021biunile \u0219i a accelera cre\u0219terea, ai ajuns \u00een locul potrivit. Cu [&hellip;]<\/p>\n","protected":false},"author":2,"featured_media":0,"parent":0,"menu_order":0,"comment_status":"closed","ping_status":"closed","template":"","meta":{"_monsterinsights_skip_tracking":false,"_monsterinsights_sitenote_active":false,"_monsterinsights_sitenote_note":"","_monsterinsights_sitenote_category":0,"footnotes":""},"class_list":["post-3766","page","type-page","status-publish","hentry","post-wrapper","thrv_wrapper"],"aioseo_notices":[],"_links":{"self":[{"href":"https:\/\/silviannanea.ro\/index.php\/wp-json\/wp\/v2\/pages\/3766","targetHints":{"allow":["GET"]}}],"collection":[{"href":"https:\/\/silviannanea.ro\/index.php\/wp-json\/wp\/v2\/pages"}],"about":[{"href":"https:\/\/silviannanea.ro\/index.php\/wp-json\/wp\/v2\/types\/page"}],"author":[{"embeddable":true,"href":"https:\/\/silviannanea.ro\/index.php\/wp-json\/wp\/v2\/users\/2"}],"replies":[{"embeddable":true,"href":"https:\/\/silviannanea.ro\/index.php\/wp-json\/wp\/v2\/comments?post=3766"}],"version-history":[{"count":64,"href":"https:\/\/silviannanea.ro\/index.php\/wp-json\/wp\/v2\/pages\/3766\/revisions"}],"predecessor-version":[{"id":4062,"href":"https:\/\/silviannanea.ro\/index.php\/wp-json\/wp\/v2\/pages\/3766\/revisions\/4062"}],"wp:attachment":[{"href":"https:\/\/silviannanea.ro\/index.php\/wp-json\/wp\/v2\/media?parent=3766"}],"curies":[{"name":"wp","href":"https:\/\/api.w.org\/{rel}","templated":true}]}}